{"id":2568,"date":"2025-11-25T15:53:57","date_gmt":"2025-11-25T15:53:57","guid":{"rendered":"https:\/\/humanity-project.eu\/?page_id=2568"},"modified":"2025-11-25T16:00:08","modified_gmt":"2025-11-25T16:00:08","slug":"context","status":"publish","type":"page","link":"https:\/\/humanity-project.eu\/de\/context\/","title":{"rendered":"Kontext"},"content":{"rendered":"<div data-elementor-type=\"wp-page\" data-elementor-id=\"2568\" class=\"elementor elementor-2568\">\n\t\t\t\t<div class=\"elementor-element elementor-element-e9e06c0 e-flex e-con-boxed wpr-particle-no wpr-jarallax-no wpr-parallax-no wpr-sticky-section-no elementor-invisible e-con e-parent\" data-id=\"e9e06c0\" data-element_type=\"container\" data-e-type=\"container\" data-settings=\"{&quot;background_background&quot;:&quot;classic&quot;,&quot;animation&quot;:&quot;slideInDown&quot;}\">\n\t\t\t\t\t<div class=\"e-con-inner\">\n\t\t\t\t<div class=\"elementor-element elementor-element-7cd277e elementor-widget-divider--view-line elementor-widget elementor-widget-divider\" data-id=\"7cd277e\" data-element_type=\"widget\" data-e-type=\"widget\" data-widget_type=\"divider.default\">\n\t\t\t\t<div class=\"elementor-widget-container\">\n\t\t\t\t\t\t\t<div class=\"elementor-divider\">\n\t\t\t<span class=\"elementor-divider-separator\">\n\t\t\t\t\t\t<\/span>\n\t\t<\/div>\n\t\t\t\t\t\t<\/div>\n\t\t\t\t<\/div>\n\t\t\t\t<div class=\"elementor-element elementor-element-60b01f8 elementor-invisible elementor-widget elementor-widget-heading\" data-id=\"60b01f8\" data-element_type=\"widget\" data-e-type=\"widget\" data-settings=\"{&quot;_animation&quot;:&quot;bounceInUp&quot;}\" data-widget_type=\"heading.default\">\n\t\t\t\t<div class=\"elementor-widget-container\">\n\t\t\t\t\t<h2 class=\"elementor-heading-title elementor-size-default\">Kontext<\/h2>\t\t\t\t<\/div>\n\t\t\t\t<\/div>\n\t\t\t\t\t<\/div>\n\t\t\t\t<\/div>\n\t\t<div class=\"elementor-element elementor-element-fe4707e animated-slow e-flex e-con-boxed wpr-particle-no wpr-jarallax-no wpr-parallax-no wpr-sticky-section-no elementor-invisible e-con e-parent\" data-id=\"fe4707e\" data-element_type=\"container\" data-e-type=\"container\" data-settings=\"{&quot;animation&quot;:&quot;bounceInUp&quot;}\">\n\t\t\t\t\t<div class=\"e-con-inner\">\n\t\t<div class=\"elementor-element elementor-element-cacd50c e-con-full e-flex wpr-particle-no wpr-jarallax-no wpr-parallax-no wpr-sticky-section-no e-con e-child\" data-id=\"cacd50c\" data-element_type=\"container\" data-e-type=\"container\" data-settings=\"{&quot;background_background&quot;:&quot;classic&quot;}\">\n\t\t\t\t<div class=\"elementor-element elementor-element-e92d036 elementor-widget elementor-widget-text-editor\" data-id=\"e92d036\" data-element_type=\"widget\" data-e-type=\"widget\" data-widget_type=\"text-editor.default\">\n\t\t\t\t<div class=\"elementor-widget-container\">\n\t\t\t\t\t\t\t\t\t<p>Das Thema psychische Gesundheit ist heutzutage weit verbreitet, und ein wichtiger Teil davon ist der weltweite Anstieg von Angstzust\u00e4nden und Depressionen bei Heranwachsenden. F\u00fcr diese Entwicklung gibt es viele Ursachen, aber die Klimakrise, die COVID-19-Pandemie und ihre Auswirkungen sowie das famili\u00e4re Umfeld sind nur einige davon. All dies bedeutet, dass junge Menschen Hilfe brauchen, um mit all diesen \u00e4u\u00dferen Faktoren umgehen zu k\u00f6nnen, die ihr ganz pers\u00f6nliches Leben beeinflussen.<\/p><p>Das Humanity-Projekt will diesen Bed\u00fcrfnissen durch einen Bildungsweg begegnen. Das Endziel des Projekts ist die F\u00f6rderung einer h\u00f6heren emotionalen Intelligenz bei Jugendlichen, um ihnen zu helfen, mit der \u00dcberw\u00e4ltigung durch Emotionen umzugehen, die aufgrund der oben genannten Situationen auftreten k\u00f6nnen.<\/p><p>In dem Papier <em>\"Die Beziehung zwischen emotionaler Intelligenz und Depression\/Angst: Eine systematische \u00dcberpr\u00fcfung und Meta-Analyse\"<\/em> von Seyedeh Tahereh Miranzadeh, Mohammadreza Azizi und Zahra Rezaei Ardani fanden die Autoren eine signifikante negative Korrelation zwischen emotionaler Intelligenz (EI) und Depressionen sowie \u00c4ngsten, was darauf hindeutet, dass ein h\u00f6heres Ma\u00df an emotionaler Intelligenz mit einem niedrigeren Ma\u00df an Depressionen und \u00c4ngsten verbunden ist.<\/p><p>Obwohl der Zusammenhang zwischen sozialer Intelligenz und Depressionen und \u00c4ngsten komplex und vielschichtig ist, gibt es Hinweise darauf, dass die Entwicklung starker sozialer Intelligenz f\u00fcr die psychische Gesundheit und das Wohlbefinden von Vorteil sein kann:<\/p><p><strong>Emotionale Regulierung<\/strong>: Menschen mit einer hohen Intelligenz sind besser in der Lage, ihre Emotionen zu regulieren, was ihnen helfen kann, mit Stress und negativen Erfahrungen umzugehen. Auf der anderen Seite k\u00f6nnen Personen mit einer niedrigen EI Schwierigkeiten haben, ihre Emotionen zu steuern, was zu Gef\u00fchlen der \u00dcberforderung, Hilflosigkeit und Hoffnungslosigkeit f\u00fchrt, die h\u00e4ufig mit Depressionen und Angstzust\u00e4nden in Verbindung gebracht werden.<\/p><p><strong>Einf\u00fchlungsverm\u00f6gen<\/strong>: Zur EI geh\u00f6rt auch die F\u00e4higkeit, sich in die Gef\u00fchle und Sichtweisen anderer einzuf\u00fchlen. Menschen mit hohem Einf\u00fchlungsverm\u00f6gen k\u00f6nnen Angeh\u00f6rige, die mit psychischen Problemen zu k\u00e4mpfen haben, besser verstehen und unterst\u00fctzen und sind eher bereit, sich selbst Hilfe zu suchen, wenn sie diese ben\u00f6tigen. Menschen, denen es an Empathie mangelt, k\u00f6nnen sich dagegen isoliert und von anderen abgekoppelt f\u00fchlen, was Depressionen und Angstzust\u00e4nde noch verst\u00e4rken kann.<\/p><p><strong>Soziale Unterst\u00fctzung<\/strong>: EI wird auch mit der Entwicklung und Aufrechterhaltung positiver sozialer Beziehungen in Verbindung gebracht, die vor Depressionen und Angstzust\u00e4nden sch\u00fctzen k\u00f6nnen. Menschen mit hoher Intelligenz sind in der Regel bessere Kommunikatoren und Probleml\u00f6ser, was ihnen helfen kann, unterst\u00fctzende Freundschaften und Beziehungen aufzubauen und zu pflegen. Umgekehrt f\u00e4llt es Menschen mit niedriger EI m\u00f6glicherweise schwer, mit anderen in Kontakt zu treten oder ungesunde Beziehungsmuster einzugehen, was zu Gef\u00fchlen der Einsamkeit und Isolation beitragen kann.<\/p><p>Das Humanity-Projekt richtet sich an junge Menschen (im Alter von 15 bis 24 Jahren), weil sie ins Erwachsenenalter eintreten. Der \u00dcbergang von der Schule zum Erwachsenenleben war noch nie einfach, und die Hauptschwierigkeiten bestehen darin, einen Arbeitsplatz zu finden, wirtschaftliche und h\u00e4usliche Unabh\u00e4ngigkeit zu erlangen und sich als Individuum zu entwickeln. Die zunehmende Isolation und die eingeschr\u00e4nkte soziale Interaktion im Zusammenhang mit der Covid-19-Pandemie beispielsweise zeigen immer noch ihre negativen Auswirkungen auf junge Menschen. Indem wir die F\u00e4higkeiten der EI-Jugendlichen verbessern, wollen wir ihnen eine vielversprechende Zukunft erm\u00f6glichen. Wir hoffen, dass Jugendliche und heranwachsende Generationen weniger Schwierigkeiten am Arbeitsplatz, in ihren pers\u00f6nlichen Beziehungen, bei der Gr\u00fcndung einer Familie usw. haben werden, wenn sie wissen, wie sie ihre Emotionen regulieren und Verst\u00e4ndnis zeigen k\u00f6nnen.\u00a0<\/p>\t\t\t\t\t\t\t\t<\/div>\n\t\t\t\t<\/div>\n\t\t\t\t<\/div>\n\t\t<div class=\"elementor-element elementor-element-f1a8725 e-con-full e-flex wpr-particle-no wpr-jarallax-no wpr-parallax-no wpr-sticky-section-no e-con e-child\" data-id=\"f1a8725\" data-element_type=\"container\" data-e-type=\"container\" data-settings=\"{&quot;background_background&quot;:&quot;classic&quot;}\">\n\t\t\t\t<div class=\"elementor-element elementor-element-300b150 elementor-widget elementor-widget-heading\" data-id=\"300b150\" data-element_type=\"widget\" data-e-type=\"widget\" data-widget_type=\"heading.default\">\n\t\t\t\t<div class=\"elementor-widget-container\">\n\t\t\t\t\t<h2 class=\"elementor-heading-title elementor-size-default\">Emotionale Intelligenz. Warum sie wichtig ist<\/h2>\t\t\t\t<\/div>\n\t\t\t\t<\/div>\n\t\t\t\t<\/div>\n\t\t\t\t\t<\/div>\n\t\t\t\t<\/div>\n\t\t<div class=\"elementor-element elementor-element-55eafd3 e-flex e-con-boxed wpr-particle-no wpr-jarallax-no wpr-parallax-no wpr-sticky-section-no e-con e-parent\" data-id=\"55eafd3\" data-element_type=\"container\" data-e-type=\"container\">\n\t\t\t\t\t<div class=\"e-con-inner\">\n\t\t\t\t<div class=\"elementor-element elementor-element-d463c1c elementor-widget elementor-widget-spacer\" data-id=\"d463c1c\" data-element_type=\"widget\" data-e-type=\"widget\" data-widget_type=\"spacer.default\">\n\t\t\t\t<div class=\"elementor-widget-container\">\n\t\t\t\t\t\t\t<div class=\"elementor-spacer\">\n\t\t\t<div class=\"elementor-spacer-inner\"><\/div>\n\t\t<\/div>\n\t\t\t\t\t\t<\/div>\n\t\t\t\t<\/div>\n\t\t\t\t\t<\/div>\n\t\t\t\t<\/div>\n\t\t<div class=\"elementor-element elementor-element-f6fe63f e-flex e-con-boxed wpr-particle-no wpr-jarallax-no wpr-parallax-no wpr-sticky-section-no e-con e-parent\" data-id=\"f6fe63f\" data-element_type=\"container\" data-e-type=\"container\">\n\t\t\t\t\t<div class=\"e-con-inner\">\n\t\t\t\t<div class=\"elementor-element elementor-element-a4ce654 elementor-widget elementor-widget-text-editor\" data-id=\"a4ce654\" data-element_type=\"widget\" data-e-type=\"widget\" data-widget_type=\"text-editor.default\">\n\t\t\t\t<div class=\"elementor-widget-container\">\n\t\t\t\t\t\t\t\t\t<p>Folgen Sie uns auf den sozialen Netzwerken!<\/p>\t\t\t\t\t\t\t\t<\/div>\n\t\t\t\t<\/div>\n\t\t\t\t<div class=\"elementor-element elementor-element-474f434 elementor-view-default elementor-widget elementor-widget-icon\" data-id=\"474f434\" data-element_type=\"widget\" data-e-type=\"widget\" data-widget_type=\"icon.default\">\n\t\t\t\t<div class=\"elementor-widget-container\">\n\t\t\t\t\t\t\t<div class=\"elementor-icon-wrapper\">\n\t\t\t<a class=\"elementor-icon\" href=\"https:\/\/www.instagram.com\/youhumanity\" target=\"_blank\">\n\t\t\t<i aria-hidden=\"true\" class=\"fab fa-instagram\"><\/i>\t\t\t<\/a>\n\t\t<\/div>\n\t\t\t\t\t\t<\/div>\n\t\t\t\t<\/div>\n\t\t\t\t<div class=\"elementor-element elementor-element-a3b7c1d elementor-view-default elementor-widget elementor-widget-icon\" data-id=\"a3b7c1d\" data-element_type=\"widget\" data-e-type=\"widget\" data-widget_type=\"icon.default\">\n\t\t\t\t<div class=\"elementor-widget-container\">\n\t\t\t\t\t\t\t<div class=\"elementor-icon-wrapper\">\n\t\t\t<a class=\"elementor-icon\" href=\"https:\/\/www.facebook.com\/YouHumanityProject\" target=\"_blank\">\n\t\t\t<i aria-hidden=\"true\" class=\"fab fa-facebook\"><\/i>\t\t\t<\/a>\n\t\t<\/div>\n\t\t\t\t\t\t<\/div>\n\t\t\t\t<\/div>\n\t\t\t\t<div class=\"elementor-element elementor-element-bc93d49 elementor-widget elementor-widget-spacer\" data-id=\"bc93d49\" data-element_type=\"widget\" data-e-type=\"widget\" data-widget_type=\"spacer.default\">\n\t\t\t\t<div class=\"elementor-widget-container\">\n\t\t\t\t\t\t\t<div class=\"elementor-spacer\">\n\t\t\t<div class=\"elementor-spacer-inner\"><\/div>\n\t\t<\/div>\n\t\t\t\t\t\t<\/div>\n\t\t\t\t<\/div>\n\t\t\t\t\t<\/div>\n\t\t\t\t<\/div>\n\t\t\t\t<\/div>","protected":false},"excerpt":{"rendered":"<p>Context The topic of mental health is prevalent nowadays and a major part of it is the global rise in levels of anxiety and depression in adolescents. Many causes can be attributed to this development but the climate crisis, the COVID-19 pandemic and its repercussions as well as family environments are among the few. All this to say &#8211; young people need help to be able to deal with all these external factors influencing their very real, individual lives. The Humanity project aims to address these needs through a path of education. The ultimate goal of the project is to foster higher levels of emotional intelligence in youth, to help them deal with the overwhelm of emotions that are likely to come up due to previously mentioned situations. In the paper &#8220;The relationship between emotional intelligence and depression\/ anxiety: A systematic review and meta-analysis&#8221; by Seyedeh Tahereh Miranzadeh, Mohammadreza Azizi, and Zahra Rezaei Ardani, the authors found a significant negative correlation between emotional intelligence (EI) and both depression and anxiety, indicating that higher levels of emotional intelligence were associated with lower levels of depression and anxiety. Although the relationship between EI and depression and anxiety is complex and multifaceted, there is evidence to suggest that developing strong EI skills can be beneficial for mental health and well-being, such as: Emotional regulation: People with high EI are better able to regulate their emotions, which can help them cope with stress and negative experiences. On the other hand, individuals with lower EI may struggle to manage their emotions, leading to feelings of overwhelm, helplessness, and hopelessness that are commonly associated with depression and anxiety. Empathy: EI also involves the ability to empathise with others&#8217; emotions and perspectives. People who are highly empathetic may be better able to understand and support loved ones who are struggling with mental health issues, and may be more likely to seek help for themselves when they need it. In contrast, individuals who lack empathy may feel isolated and disconnected from others, which can exacerbate feelings of depression and anxiety. Social support: EI is also associated with the development and maintenance of positive social relationships, which can be protective against depression and anxiety. People with high EI tend to be better communicators and problem-solvers, which can help them build and maintain supportive friendships and relationships. Conversely, individuals with lower EI may struggle to connect with others or may engage in unhealthy relationship patterns, which can contribute to feelings of loneliness and isolation. The reason why the Humanity project targets young people (aged 15-24) is that they are entering adulthood. The transition from school life to adulthood has never been easy and the main difficulties are finding a job, achieving economic and household independence and growing on an individual. For example, the increased isolation and limited social interaction around the Covid-19 pandemic is still revealing its negative effects on young people. By improving the skills of EI youth, we aim to provide them with a promising future. Our hope is that by knowing how to regulate emotions and show understanding, adolescents and maturing generations will experience fewer difficulties in the workplace, in their personal relationships, in starting a family, etc.\u00a0 Emotional Intelligence. Why it matters Follow us on socials!<\/p>","protected":false},"author":1,"featured_media":0,"parent":0,"menu_order":0,"comment_status":"closed","ping_status":"closed","template":"","meta":{"footnotes":""},"class_list":["post-2568","page","type-page","status-publish","hentry"],"blocksy_meta":{"styles_descriptor":{"styles":{"desktop":"","tablet":"","mobile":""},"google_fonts":[],"version":6},"page_title_panel":"","has_hero_section":"disabled","2314b058ee0f189b680dd2ed328995de":"","hero_section":"type-1","hero_elements":[{"id":"custom_title","enabled":true,"heading_tag":"h1","title":"Startseite"},{"id":"custom_description","enabled":true,"description_visibility":{"desktop":true,"tablet":true,"mobile":false}},{"id":"custom_meta","enabled":false,"meta_elements":[{"id":"author","enabled":true,"label":"By","has_author_avatar":"yes","avatar_size":25},{"id":"post_date","enabled":true,"label":"On","date_format_source":"default","date_format":"M j, Y"},{"id":"updated_date","enabled":false,"label":"On","date_format_source":"default","date_format":"M j, Y"},{"id":"categories","enabled":false,"label":"In","style":"simple"},{"id":"comments","enabled":true}],"page_meta_elements":{"joined":true,"articles_count":true,"comments":true}},{"id":"breadcrumbs","enabled":false}],"82058aec85f9b527a240e4d601400a69":"","hero_alignment1":"CT_CSS_SKIP_RULE","hero_margin":40,"hero_alignment2":"center","hero_vertical_alignment":"center","ae4f98001e9f3beeb9428ec8bd47dc09":"","hero_structure":"narrow","85f8dd86cd11ab8c71ae0ed5103e26d8":"","page_title_bg_type":"featured_image","custom_hero_background":{"attachment_id":null},"page_title_image_size":"full","parallax":{"desktop":false,"tablet":false,"mobile":false},"fa1303f7ccb74ce9c93959dab70aabcc":"","hero_height":"250px","pageTitleFont":{"family":"Default","variation":"Default","size":"30px","line-height":"CT_CSS_SKIP_RULE","letter-spacing":"CT_CSS_SKIP_RULE","text-transform":"CT_CSS_SKIP_RULE","text-decoration":"CT_CSS_SKIP_RULE"},"pageTitleFontColor":{"default":{"color":"CT_CSS_SKIP_RULEDEFAULT"}},"pageMetaFont":{"family":"Default","variation":"n6","size":"12px","line-height":"1.3","letter-spacing":"CT_CSS_SKIP_RULE","text-transform":"uppercase","text-decoration":"CT_CSS_SKIP_RULE"},"pageMetaFontColor":{"default":{"color":"CT_CSS_SKIP_RULEDEFAULT"},"hover":{"color":"CT_CSS_SKIP_RULEDEFAULT"}},"page_meta_button_type_font_colors":{"default":{"color":"CT_CSS_SKIP_RULEDEFAULT"},"hover":{"color":"CT_CSS_SKIP_RULEDEFAULT"}},"page_meta_button_type_background_colors":{"default":{"color":"CT_CSS_SKIP_RULEDEFAULT"},"hover":{"color":"CT_CSS_SKIP_RULEDEFAULT"}},"pageExcerptFont":{"family":"Default","variation":"Default","size":"CT_CSS_SKIP_RULE","line-height":"CT_CSS_SKIP_RULE","letter-spacing":"CT_CSS_SKIP_RULE","text-transform":"CT_CSS_SKIP_RULE","text-decoration":"CT_CSS_SKIP_RULE"},"pageExcerptColor":{"default":{"color":"CT_CSS_SKIP_RULEDEFAULT"}},"breadcrumbsFont":{"family":"Default","variation":"Default","size":"CT_CSS_SKIP_RULE","line-height":"CT_CSS_SKIP_RULE","letter-spacing":"CT_CSS_SKIP_RULE","text-transform":"CT_CSS_SKIP_RULE","text-decoration":"CT_CSS_SKIP_RULE"},"breadcrumbsFontColor":{"default":{"color":"CT_CSS_SKIP_RULEDEFAULT"},"initial":{"color":"CT_CSS_SKIP_RULEDEFAULT"},"hover":{"color":"CT_CSS_SKIP_RULEDEFAULT"}},"pageTitleOverlay":{"background_type":"color","background_pattern":"type-1","background_image":{"attachment_id":null,"x":0,"y":0},"gradient":"linear-gradient(135deg,rgba(6,147,227,1) 0%,rgb(155,81,224) 100%)","background_repeat":"repeat","background_size":"auto","background_attachment":"scroll","patternColor":{"default":{"color":"#e5e7ea"}},"overlayColor":{"default":{"color":"CT_CSS_SKIP_RULE"}},"backgroundColor":{"default":{"color":"CT_CSS_SKIP_RULE"}}},"pageTitleBackground":{"background_type":"color","background_pattern":"type-1","background_image":{"attachment_id":null,"x":0,"y":0},"gradient":"linear-gradient(135deg,rgba(6,147,227,1) 0%,rgb(155,81,224) 100%)","background_repeat":"repeat","background_size":"auto","background_attachment":"scroll","patternColor":{"default":{"color":"#e5e7ea"}},"overlayColor":{"default":{"color":"CT_CSS_SKIP_RULE"}},"backgroundColor":{"default":{"color":"var(--theme-palette-color-6)"}}},"pageTitlePadding":{"top":"50px","bottom":"50px","left":"auto","right":"auto","linked":true},"21d7b0cad1ef42cc7d89b7a386c567b2":"","page_structure_type":"default","12227a02acb888730816991290be008b":"","content_style_source":"inherit","content_style":"wide","vertical_spacing_source":"custom","content_area_spacing":"none","background":{"background_type":"color","background_pattern":"type-1","background_image":{"attachment_id":null,"x":0,"y":0},"gradient":"linear-gradient(135deg,rgba(6,147,227,1) 0%,rgb(155,81,224) 100%)","background_repeat":"repeat","background_size":"auto","background_attachment":"scroll","patternColor":{"default":{"color":"#e5e7ea"}},"overlayColor":{"default":{"color":"CT_CSS_SKIP_RULE"}},"backgroundColor":{"default":{"color":"CT_CSS_SKIP_RULE"}}},"content_background":{"background_type":"color","background_pattern":"type-1","background_image":{"attachment_id":null,"x":0,"y":0},"gradient":"linear-gradient(135deg,rgba(6,147,227,1) 0%,rgb(155,81,224) 100%)","background_repeat":"repeat","background_size":"auto","background_attachment":"scroll","patternColor":{"default":{"color":"#e5e7ea"}},"overlayColor":{"default":{"color":"CT_CSS_SKIP_RULE"}},"backgroundColor":{"default":{"color":"var(--theme-palette-color-8)"}}},"content_boxed_shadow":{"inherit":false,"blur":18,"spread":-6,"v_offset":12,"h_offset":0,"inset":false,"enable":true,"color":{"color":"rgba(34, 56, 101, 0.04)"}},"content_boxed_border":{"width":1,"style":"none","color":{"color":"rgba(44,62,80,0.2)"}},"content_boxed_radius":{"top":"3px","bottom":"3px","left":"3px","right":"3px","linked":true},"boxed_content_spacing":{"desktop":{"top":"40px","bottom":"40px","left":"40px","right":"40px","linked":true},"tablet":{"top":"35px","bottom":"35px","left":"35px","right":"35px","linked":true},"mobile":{"top":"20px","bottom":"20px","left":"20px","right":"20px","linked":true}},"36f5050a174b5fc70148d8271cae0d82":"","disable_featured_image":"no","disable_share_box":"no","disable_header":"no","disable_footer":"no"},"_links":{"self":[{"href":"https:\/\/humanity-project.eu\/de\/wp-json\/wp\/v2\/pages\/2568","targetHints":{"allow":["GET"]}}],"collection":[{"href":"https:\/\/humanity-project.eu\/de\/wp-json\/wp\/v2\/pages"}],"about":[{"href":"https:\/\/humanity-project.eu\/de\/wp-json\/wp\/v2\/types\/page"}],"author":[{"embeddable":true,"href":"https:\/\/humanity-project.eu\/de\/wp-json\/wp\/v2\/users\/1"}],"replies":[{"embeddable":true,"href":"https:\/\/humanity-project.eu\/de\/wp-json\/wp\/v2\/comments?post=2568"}],"version-history":[{"count":17,"href":"https:\/\/humanity-project.eu\/de\/wp-json\/wp\/v2\/pages\/2568\/revisions"}],"predecessor-version":[{"id":2589,"href":"https:\/\/humanity-project.eu\/de\/wp-json\/wp\/v2\/pages\/2568\/revisions\/2589"}],"wp:attachment":[{"href":"https:\/\/humanity-project.eu\/de\/wp-json\/wp\/v2\/media?parent=2568"}],"curies":[{"name":"wp","href":"https:\/\/api.w.org\/{rel}","templated":true}]}}