{"id":626,"date":"2022-07-05T06:08:07","date_gmt":"2022-07-05T06:08:07","guid":{"rendered":"https:\/\/demo.creativethemes.com\/elementor\/car-service\/?page_id=626"},"modified":"2025-11-26T20:36:13","modified_gmt":"2025-11-26T20:36:13","slug":"home","status":"publish","type":"page","link":"https:\/\/humanity-project.eu\/lt\/","title":{"rendered":"Pagrindinis"},"content":{"rendered":"<div data-elementor-type=\"wp-page\" data-elementor-id=\"626\" class=\"elementor elementor-626\">\n\t\t\t\t<div class=\"elementor-element elementor-element-ce122c1 animated-slow e-flex e-con-boxed wpr-particle-no wpr-jarallax-no wpr-parallax-no wpr-equal-height-no elementor-invisible e-con e-parent\" data-id=\"ce122c1\" data-element_type=\"container\" data-e-type=\"container\" data-settings=\"{&quot;background_background&quot;:&quot;classic&quot;,&quot;animation&quot;:&quot;slideInDown&quot;}\">\n\t\t\t\t\t<div class=\"e-con-inner\">\n\t\t<div class=\"elementor-element elementor-element-c36f94f e-con-full e-flex wpr-particle-no wpr-jarallax-no wpr-parallax-no wpr-sticky-section-no wpr-equal-height-no e-con e-child\" data-id=\"c36f94f\" data-element_type=\"container\" data-e-type=\"container\">\n\t\t\t\t<div class=\"elementor-element elementor-element-7578f5b animated-slow elementor-widget__width-initial elementor-invisible elementor-widget elementor-widget-image\" data-id=\"7578f5b\" data-element_type=\"widget\" data-e-type=\"widget\" data-settings=\"{&quot;_animation&quot;:&quot;slideInDown&quot;}\" data-widget_type=\"image.default\">\n\t\t\t\t<div class=\"elementor-widget-container\">\n\t\t\t\t\t\t\t\t\t\t\t\t\t\t\t<img decoding=\"async\" src=\"https:\/\/humanity-project.eu\/wp-content\/uploads\/2023\/03\/HUMANITY-PROPSALS-3-e1678309095285.png\" title=\"\u017dMONIJOS REKVIZITAI (3)\" alt=\"HUMANITY PROPSALS (3)\" loading=\"lazy\" \/>\t\t\t\t\t\t\t\t\t\t\t\t\t\t\t<\/div>\n\t\t\t\t<\/div>\n\t\t\t\t<\/div>\n\t\t<div class=\"elementor-element elementor-element-df36284 e-con-full animated-slow e-flex wpr-particle-no wpr-jarallax-no wpr-parallax-no wpr-sticky-section-no wpr-equal-height-no elementor-invisible e-con e-child\" data-id=\"df36284\" data-element_type=\"container\" data-e-type=\"container\" data-settings=\"{&quot;background_background&quot;:&quot;gradient&quot;,&quot;animation&quot;:&quot;swing&quot;,&quot;animation_delay&quot;:2300}\">\n\t\t\t\t<div class=\"elementor-element elementor-element-37ed379 elementor-widget elementor-widget-heading\" data-id=\"37ed379\" data-element_type=\"widget\" data-e-type=\"widget\" data-widget_type=\"heading.default\">\n\t\t\t\t<div class=\"elementor-widget-container\">\n\t\t\t\t\t<h4 class=\"elementor-heading-title elementor-size-default\">Per\u017ei\u016br\u0117kite emocinio intelekto modelio pristatym\u0105<\/h4>\t\t\t\t<\/div>\n\t\t\t\t<\/div>\n\t\t\t\t<div class=\"elementor-element elementor-element-d766dc1 elementor-widget elementor-widget-button\" data-id=\"d766dc1\" data-element_type=\"widget\" data-e-type=\"widget\" data-widget_type=\"button.default\">\n\t\t\t\t<div class=\"elementor-widget-container\">\n\t\t\t\t\t\t\t\t\t<div class=\"elementor-button-wrapper\">\n\t\t\t\t\t<a class=\"elementor-button elementor-button-link elementor-size-sm\" href=\"https:\/\/humanity-project.eu\/lt\/presentation\/\">\n\t\t\t\t\t\t<span class=\"elementor-button-content-wrapper\">\n\t\t\t\t\t\t\t\t\t<span class=\"elementor-button-text\">Spauskite \u010dia<\/span>\n\t\t\t\t\t<\/span>\n\t\t\t\t\t<\/a>\n\t\t\t\t<\/div>\n\t\t\t\t\t\t\t\t<\/div>\n\t\t\t\t<\/div>\n\t\t\t\t<\/div>\n\t\t\t\t\t<\/div>\n\t\t\t\t<\/div>\n\t\t<div class=\"elementor-element elementor-element-0fa19d8 animated-slow e-flex e-con-boxed wpr-particle-no wpr-jarallax-no wpr-parallax-no wpr-sticky-section-no wpr-equal-height-no elementor-invisible e-con e-parent\" data-id=\"0fa19d8\" data-element_type=\"container\" data-e-type=\"container\" data-settings=\"{&quot;animation&quot;:&quot;bounceInUp&quot;,&quot;background_background&quot;:&quot;classic&quot;}\">\n\t\t\t\t\t<div class=\"e-con-inner\">\n\t\t<div class=\"elementor-element elementor-element-d28356c e-con-full e-flex wpr-particle-no wpr-jarallax-no wpr-parallax-no wpr-sticky-section-no wpr-equal-height-no e-con e-child\" data-id=\"d28356c\" data-element_type=\"container\" data-e-type=\"container\" data-settings=\"{&quot;background_background&quot;:&quot;classic&quot;}\">\n\t\t\t\t<div class=\"elementor-element elementor-element-fc23f11 elementor-widget elementor-widget-text-editor\" data-id=\"fc23f11\" data-element_type=\"widget\" data-e-type=\"widget\" data-widget_type=\"text-editor.default\">\n\t\t\t\t<div class=\"elementor-widget-container\">\n\t\t\t\t\t\t\t\t\t<p><strong>\u017dMONI\u0160KUMAS<\/strong> tai partneryst\u0117 \u0161vietimo, mokymo ir jaunimo reikal\u0173 srityje, kurios tikslas - teikti priemones pedagogams, su jaunimu dirbantiems asmenims, \u0161vietimo vadovams ir pagalbiniam personalui, remiant jaun\u0173 \u017emoni\u0173 (15-24 met\u0173 am\u017eiaus) \u012fgalinim\u0105 suprasti emocijas kaip informacijos priemon\u0119, nauding\u0105 pozityviam jaunimo vystymuisi, susijusiam su s\u0117kminga adaptacija, socialine integracija ir gerove. Siekdami skatinti jaun\u0173 \u017emoni\u0173 EIP \u012fg\u016bd\u017ei\u0173 ugdym\u0105 \u0161vietimo sistemoje, partneriai ketina kurti mokom\u0105j\u0105 med\u017eiag\u0105, pasitelkdami skaitmeninius \u012fg\u016bd\u017eius, ir ugdyti pedagog\u0173 \/ jaunimo darbuotoj\u0173 kompetencijas.<\/p>\t\t\t\t\t\t\t\t<\/div>\n\t\t\t\t<\/div>\n\t\t\t\t<div class=\"elementor-element elementor-element-ac8c081 elementor-tablet-align-center elementor-align-left elementor-widget elementor-widget-button\" data-id=\"ac8c081\" data-element_type=\"widget\" data-e-type=\"widget\" data-widget_type=\"button.default\">\n\t\t\t\t<div class=\"elementor-widget-container\">\n\t\t\t\t\t\t\t\t\t<div class=\"elementor-button-wrapper\">\n\t\t\t\t\t<a class=\"elementor-button elementor-button-link elementor-size-md elementor-animation-grow\" href=\"https:\/\/humanity-project.eu\/lt\/about\/\">\n\t\t\t\t\t\t<span class=\"elementor-button-content-wrapper\">\n\t\t\t\t\t\t\t\t\t<span class=\"elementor-button-text\">Su\u017einokite daugiau<\/span>\n\t\t\t\t\t<\/span>\n\t\t\t\t\t<\/a>\n\t\t\t\t<\/div>\n\t\t\t\t\t\t\t\t<\/div>\n\t\t\t\t<\/div>\n\t\t\t\t<\/div>\n\t\t<div class=\"elementor-element elementor-element-d7760ee e-con-full e-flex wpr-particle-no wpr-jarallax-no wpr-parallax-no wpr-sticky-section-no wpr-equal-height-no e-con e-child\" data-id=\"d7760ee\" data-element_type=\"container\" data-e-type=\"container\" data-settings=\"{&quot;position&quot;:&quot;absolute&quot;}\">\n\t\t\t\t<\/div>\n\t\t\t\t\t<\/div>\n\t\t\t\t<\/div>\n\t\t<div class=\"elementor-element elementor-element-8bda609 e-flex e-con-boxed wpr-particle-no wpr-jarallax-no wpr-parallax-no wpr-sticky-section-no wpr-equal-height-no e-con e-parent\" data-id=\"8bda609\" data-element_type=\"container\" data-e-type=\"container\" data-settings=\"{&quot;animation&quot;:&quot;none&quot;,&quot;background_background&quot;:&quot;classic&quot;}\">\n\t\t\t\t\t<div class=\"e-con-inner\">\n\t\t\t\t<div class=\"elementor-element elementor-element-37a5c9f elementor-invisible elementor-widget elementor-widget-heading\" data-id=\"37a5c9f\" data-element_type=\"widget\" data-e-type=\"widget\" data-settings=\"{&quot;_animation&quot;:&quot;fadeInLeft&quot;}\" data-widget_type=\"heading.default\">\n\t\t\t\t<div class=\"elementor-widget-container\">\n\t\t\t\t\t<h2 class=\"elementor-heading-title elementor-size-default\"><a href=\"https:\/\/humanity-project.eu\/lt\/partners\/\">M\u016bs\u0173 partneriai<\/a><\/h2>\t\t\t\t<\/div>\n\t\t\t\t<\/div>\n\t\t\t\t\t<\/div>\n\t\t\t\t<\/div>\n\t\t<div class=\"elementor-element elementor-element-1e1af4f animated-slow e-flex e-con-boxed wpr-particle-no wpr-jarallax-no wpr-parallax-no wpr-sticky-section-no wpr-equal-height-no e-con e-parent\" data-id=\"1e1af4f\" data-element_type=\"container\" data-e-type=\"container\" data-settings=\"{&quot;animation&quot;:&quot;none&quot;,&quot;background_background&quot;:&quot;classic&quot;}\">\n\t\t\t\t\t<div class=\"e-con-inner\">\n\t\t\t\t<div class=\"elementor-element elementor-element-f2ef542 elementor-widget__width-initial elementor-invisible elementor-widget elementor-widget-image\" data-id=\"f2ef542\" data-element_type=\"widget\" data-e-type=\"widget\" data-settings=\"{&quot;_animation&quot;:&quot;fadeInUp&quot;}\" data-widget_type=\"image.default\">\n\t\t\t\t<div class=\"elementor-widget-container\">\n\t\t\t\t\t\t\t\t\t\t\t\t\t\t\t\t<a href=\"https:\/\/humanity-project.eu\/lt\/partners\/\">\n\t\t\t\t\t\t\t<img fetchpriority=\"high\" decoding=\"async\" width=\"1024\" height=\"512\" src=\"https:\/\/humanity-project.eu\/wp-content\/uploads\/2023\/03\/307007942_402339215405797_4935757099091522659_n-1024x512.png\" class=\"elementor-animation-sink attachment-large size-large wp-image-1714\" alt=\"\" srcset=\"https:\/\/humanity-project.eu\/wp-content\/uploads\/2023\/03\/307007942_402339215405797_4935757099091522659_n-1024x512.png 1024w, https:\/\/humanity-project.eu\/wp-content\/uploads\/2023\/03\/307007942_402339215405797_4935757099091522659_n-300x150.png 300w, https:\/\/humanity-project.eu\/wp-content\/uploads\/2023\/03\/307007942_402339215405797_4935757099091522659_n-768x384.png 768w, https:\/\/humanity-project.eu\/wp-content\/uploads\/2023\/03\/307007942_402339215405797_4935757099091522659_n-18x9.png 18w, https:\/\/humanity-project.eu\/wp-content\/uploads\/2023\/03\/307007942_402339215405797_4935757099091522659_n.png 1181w\" sizes=\"(max-width: 1024px) 100vw, 1024px\" \/>\t\t\t\t\t\t\t\t<\/a>\n\t\t\t\t\t\t\t\t\t\t\t\t\t\t\t<\/div>\n\t\t\t\t<\/div>\n\t\t\t\t<div class=\"elementor-element elementor-element-5b0b093 elementor-widget__width-initial elementor-invisible elementor-widget elementor-widget-image\" data-id=\"5b0b093\" data-element_type=\"widget\" data-e-type=\"widget\" data-settings=\"{&quot;_animation&quot;:&quot;fadeInDown&quot;}\" data-widget_type=\"image.default\">\n\t\t\t\t<div class=\"elementor-widget-container\">\n\t\t\t\t\t\t\t\t\t\t\t\t\t\t\t\t<a href=\"https:\/\/humanity-project.eu\/lt\/partners\/\">\n\t\t\t\t\t\t\t<img decoding=\"async\" width=\"632\" height=\"409\" src=\"https:\/\/humanity-project.eu\/wp-content\/uploads\/2023\/04\/Nuovo-Logo-SD-ovale.png\" class=\"elementor-animation-sink attachment-large size-large wp-image-1878\" alt=\"\" srcset=\"https:\/\/humanity-project.eu\/wp-content\/uploads\/2023\/04\/Nuovo-Logo-SD-ovale.png 632w, https:\/\/humanity-project.eu\/wp-content\/uploads\/2023\/04\/Nuovo-Logo-SD-ovale-300x194.png 300w, https:\/\/humanity-project.eu\/wp-content\/uploads\/2023\/04\/Nuovo-Logo-SD-ovale-18x12.png 18w\" sizes=\"(max-width: 632px) 100vw, 632px\" \/>\t\t\t\t\t\t\t\t<\/a>\n\t\t\t\t\t\t\t\t\t\t\t\t\t\t\t<\/div>\n\t\t\t\t<\/div>\n\t\t\t\t<div class=\"elementor-element elementor-element-c1fe6af elementor-widget__width-initial elementor-invisible elementor-widget elementor-widget-image\" data-id=\"c1fe6af\" data-element_type=\"widget\" data-e-type=\"widget\" data-settings=\"{&quot;_animation&quot;:&quot;fadeInUp&quot;}\" data-widget_type=\"image.default\">\n\t\t\t\t<div class=\"elementor-widget-container\">\n\t\t\t\t\t\t\t\t\t\t\t\t\t\t\t\t<a href=\"https:\/\/humanity-project.eu\/lt\/partners\/\">\n\t\t\t\t\t\t\t<img decoding=\"async\" width=\"794\" height=\"1024\" src=\"https:\/\/humanity-project.eu\/wp-content\/uploads\/2023\/03\/1800033_657703757680551_5185666304081561628_o-794x1024.png\" class=\"elementor-animation-sink attachment-large size-large wp-image-1712\" alt=\"\" srcset=\"https:\/\/humanity-project.eu\/wp-content\/uploads\/2023\/03\/1800033_657703757680551_5185666304081561628_o-794x1024.png 794w, https:\/\/humanity-project.eu\/wp-content\/uploads\/2023\/03\/1800033_657703757680551_5185666304081561628_o-233x300.png 233w, https:\/\/humanity-project.eu\/wp-content\/uploads\/2023\/03\/1800033_657703757680551_5185666304081561628_o-768x990.png 768w, https:\/\/humanity-project.eu\/wp-content\/uploads\/2023\/03\/1800033_657703757680551_5185666304081561628_o-1191x1536.png 1191w, https:\/\/humanity-project.eu\/wp-content\/uploads\/2023\/03\/1800033_657703757680551_5185666304081561628_o-9x12.png 9w, https:\/\/humanity-project.eu\/wp-content\/uploads\/2023\/03\/1800033_657703757680551_5185666304081561628_o.png 1588w\" sizes=\"(max-width: 794px) 100vw, 794px\" \/>\t\t\t\t\t\t\t\t<\/a>\n\t\t\t\t\t\t\t\t\t\t\t\t\t\t\t<\/div>\n\t\t\t\t<\/div>\n\t\t\t\t<div class=\"elementor-element elementor-element-47036b5 elementor-widget__width-initial elementor-invisible elementor-widget elementor-widget-image\" data-id=\"47036b5\" data-element_type=\"widget\" data-e-type=\"widget\" data-settings=\"{&quot;_animation&quot;:&quot;fadeInDown&quot;}\" data-widget_type=\"image.default\">\n\t\t\t\t<div class=\"elementor-widget-container\">\n\t\t\t\t\t\t\t\t\t\t\t\t\t\t\t\t<a href=\"https:\/\/humanity-project.eu\/lt\/partners\/\">\n\t\t\t\t\t\t\t<img loading=\"lazy\" decoding=\"async\" width=\"300\" height=\"165\" src=\"https:\/\/humanity-project.eu\/wp-content\/uploads\/2023\/02\/NGO-Nest-Logo-1-300x165.png\" class=\"elementor-animation-sink attachment-medium size-medium wp-image-1462\" alt=\"\" srcset=\"https:\/\/humanity-project.eu\/wp-content\/uploads\/2023\/02\/NGO-Nest-Logo-1-300x165.png 300w, https:\/\/humanity-project.eu\/wp-content\/uploads\/2023\/02\/NGO-Nest-Logo-1-1024x563.png 1024w, https:\/\/humanity-project.eu\/wp-content\/uploads\/2023\/02\/NGO-Nest-Logo-1-768x422.png 768w, https:\/\/humanity-project.eu\/wp-content\/uploads\/2023\/02\/NGO-Nest-Logo-1-1536x845.png 1536w, https:\/\/humanity-project.eu\/wp-content\/uploads\/2023\/02\/NGO-Nest-Logo-1-18x10.png 18w, https:\/\/humanity-project.eu\/wp-content\/uploads\/2023\/02\/NGO-Nest-Logo-1.png 1762w\" sizes=\"(max-width: 300px) 100vw, 300px\" \/>\t\t\t\t\t\t\t\t<\/a>\n\t\t\t\t\t\t\t\t\t\t\t\t\t\t\t<\/div>\n\t\t\t\t<\/div>\n\t\t\t\t<div class=\"elementor-element elementor-element-61398c8 elementor-widget__width-initial elementor-invisible elementor-widget elementor-widget-image\" data-id=\"61398c8\" data-element_type=\"widget\" data-e-type=\"widget\" data-settings=\"{&quot;_animation&quot;:&quot;fadeInDown&quot;}\" data-widget_type=\"image.default\">\n\t\t\t\t<div class=\"elementor-widget-container\">\n\t\t\t\t\t\t\t\t\t\t\t\t\t\t\t\t<a href=\"https:\/\/humanity-project.eu\/lt\/partners\/\">\n\t\t\t\t\t\t\t<img loading=\"lazy\" decoding=\"async\" width=\"848\" height=\"391\" src=\"https:\/\/humanity-project.eu\/wp-content\/uploads\/2023\/03\/277363953_2235406943289445_8826183690117816284_n.png\" class=\"elementor-animation-sink attachment-large size-large wp-image-1713\" alt=\"\" srcset=\"https:\/\/humanity-project.eu\/wp-content\/uploads\/2023\/03\/277363953_2235406943289445_8826183690117816284_n.png 848w, https:\/\/humanity-project.eu\/wp-content\/uploads\/2023\/03\/277363953_2235406943289445_8826183690117816284_n-300x138.png 300w, https:\/\/humanity-project.eu\/wp-content\/uploads\/2023\/03\/277363953_2235406943289445_8826183690117816284_n-768x354.png 768w, https:\/\/humanity-project.eu\/wp-content\/uploads\/2023\/03\/277363953_2235406943289445_8826183690117816284_n-18x8.png 18w\" sizes=\"(max-width: 848px) 100vw, 848px\" \/>\t\t\t\t\t\t\t\t<\/a>\n\t\t\t\t\t\t\t\t\t\t\t\t\t\t\t<\/div>\n\t\t\t\t<\/div>\n\t\t\t\t\t<\/div>\n\t\t\t\t<\/div>\n\t\t\t\t<\/div>","protected":false},"excerpt":{"rendered":"<p>View the Emotional Intelligence Model Presentation Click here HUMANITY is a Partnership in the field of education, training, and youth aiming at providing tools to educators, youth workers, educational leaders, and support staff, supporting the empowerment of young people (age 15- 24) in order to understand emotions as a means of information that is useful in positive youth development, linked to successful adaptation, social integration, and wellbeing. In order to promote the development of young people\u2019s EIP skills within educational system, the partners intend to develop educational material using digital skills and to develop educators\/youth workers competences. Learn More Our Partners<\/p>","protected":false},"author":1,"featured_media":0,"parent":0,"menu_order":0,"comment_status":"closed","ping_status":"closed","template":"","meta":{"footnotes":""},"class_list":["post-626","page","type-page","status-publish","hentry"],"blocksy_meta":{"page_title_panel":"","has_hero_section":"disabled","f8940b06fd86f076f96592215f32f5eb":"","hero_section":"type-1","hero_elements":[{"id":"custom_title","enabled":true,"heading_tag":"h1","title":"Pagrindinis"},{"id":"custom_description","enabled":true,"description_visibility":{"desktop":true,"tablet":true,"mobile":false}},{"id":"custom_meta","enabled":false,"meta_elements":[{"id":"author","enabled":true,"label":"By","has_author_avatar":"yes","avatar_size":25},{"id":"post_date","enabled":true,"label":"On","date_format_source":"default","date_format":"M j, Y"},{"id":"updated_date","enabled":false,"label":"On","date_format_source":"default","date_format":"M j, Y"},{"id":"categories","enabled":false,"label":"In","style":"simple"},{"id":"comments","enabled":true}],"page_meta_elements":{"joined":true,"articles_count":true,"comments":true}},{"id":"breadcrumbs","enabled":false}],"732c2ba6c44c47ecb7041191fbfe85de":"","hero_alignment1":"CT_CSS_SKIP_RULE","hero_margin":40,"hero_alignment2":"center","hero_vertical_alignment":"center","86a33870ecebc8ee83e812c25cbaecc1":"","hero_structure":"narrow","6348514eca463e46370f5e946c4b55b2":"","page_title_bg_type":"featured_image","custom_hero_background":{"attachment_id":null},"page_title_image_size":"full","parallax":{"desktop":false,"tablet":false,"mobile":false},"9910f913293d9654db9bf8c5742635fe":"","hero_height":"250px","pageTitleFont":{"family":"Default","variation":"Default","size":"30px","line-height":"CT_CSS_SKIP_RULE","letter-spacing":"CT_CSS_SKIP_RULE","text-transform":"CT_CSS_SKIP_RULE","text-decoration":"CT_CSS_SKIP_RULE"},"pageTitleFontColor":{"default":{"color":"CT_CSS_SKIP_RULEDEFAULT"}},"pageMetaFont":{"family":"Default","variation":"n6","size":"12px","line-height":"1.3","letter-spacing":"CT_CSS_SKIP_RULE","text-transform":"uppercase","text-decoration":"CT_CSS_SKIP_RULE"},"pageMetaFontColor":{"default":{"color":"CT_CSS_SKIP_RULEDEFAULT"},"hover":{"color":"CT_CSS_SKIP_RULEDEFAULT"}},"page_meta_button_type_font_colors":{"default":{"color":"CT_CSS_SKIP_RULEDEFAULT"},"hover":{"color":"CT_CSS_SKIP_RULEDEFAULT"}},"page_meta_button_type_background_colors":{"default":{"color":"CT_CSS_SKIP_RULEDEFAULT"},"hover":{"color":"CT_CSS_SKIP_RULEDEFAULT"}},"pageExcerptFont":{"family":"Default","variation":"Default","size":"CT_CSS_SKIP_RULE","line-height":"CT_CSS_SKIP_RULE","letter-spacing":"CT_CSS_SKIP_RULE","text-transform":"CT_CSS_SKIP_RULE","text-decoration":"CT_CSS_SKIP_RULE"},"pageExcerptColor":{"default":{"color":"CT_CSS_SKIP_RULEDEFAULT"}},"breadcrumbsFont":{"family":"Default","variation":"Default","size":"CT_CSS_SKIP_RULE","line-height":"CT_CSS_SKIP_RULE","letter-spacing":"CT_CSS_SKIP_RULE","text-transform":"CT_CSS_SKIP_RULE","text-decoration":"CT_CSS_SKIP_RULE"},"breadcrumbsFontColor":{"default":{"color":"CT_CSS_SKIP_RULEDEFAULT"},"initial":{"color":"CT_CSS_SKIP_RULEDEFAULT"},"hover":{"color":"CT_CSS_SKIP_RULEDEFAULT"}},"pageTitleOverlay":{"background_type":"color","background_pattern":"type-1","background_image":{"attachment_id":null,"x":0,"y":0},"gradient":"linear-gradient(135deg,rgba(6,147,227,1) 0%,rgb(155,81,224) 100%)","background_repeat":"repeat","background_size":"auto","background_attachment":"scroll","patternColor":{"default":{"color":"#e5e7ea"}},"overlayColor":{"default":{"color":"CT_CSS_SKIP_RULE"}},"backgroundColor":{"default":{"color":"CT_CSS_SKIP_RULE"}}},"pageTitleBackground":{"background_type":"color","background_pattern":"type-1","background_image":{"attachment_id":null,"x":0,"y":0},"gradient":"linear-gradient(135deg,rgba(6,147,227,1) 0%,rgb(155,81,224) 100%)","background_repeat":"repeat","background_size":"auto","background_attachment":"scroll","patternColor":{"default":{"color":"#e5e7ea"}},"overlayColor":{"default":{"color":"CT_CSS_SKIP_RULE"}},"backgroundColor":{"default":{"color":"var(--theme-palette-color-6)"}}},"pageTitlePadding":{"top":"50px","bottom":"50px","left":"auto","right":"auto","linked":true},"ba201771343f4c746aa6890bb52e3026":"","page_structure_type":"default","25819d8f22d35535731edfe0a2d84e25":"","content_style_source":"inherit","content_style":"wide","vertical_spacing_source":"custom","content_area_spacing":"none","background":{"background_type":"color","background_pattern":"type-1","background_image":{"attachment_id":null,"x":0,"y":0},"gradient":"linear-gradient(135deg,rgba(6,147,227,1) 0%,rgb(155,81,224) 100%)","background_repeat":"repeat","background_size":"auto","background_attachment":"scroll","patternColor":{"default":{"color":"#e5e7ea"}},"overlayColor":{"default":{"color":"CT_CSS_SKIP_RULE"}},"backgroundColor":{"default":{"color":"CT_CSS_SKIP_RULE"}}},"content_background":{"background_type":"color","background_pattern":"type-1","background_image":{"attachment_id":null,"x":0,"y":0},"gradient":"linear-gradient(135deg,rgba(6,147,227,1) 0%,rgb(155,81,224) 100%)","background_repeat":"repeat","background_size":"auto","background_attachment":"scroll","patternColor":{"default":{"color":"#e5e7ea"}},"overlayColor":{"default":{"color":"CT_CSS_SKIP_RULE"}},"backgroundColor":{"default":{"color":"var(--theme-palette-color-8)"}}},"content_boxed_shadow":{"inherit":false,"blur":18,"spread":-6,"v_offset":12,"h_offset":0,"inset":false,"enable":true,"color":{"color":"rgba(34, 56, 101, 0.04)"}},"content_boxed_border":{"width":1,"style":"none","color":{"color":"rgba(44,62,80,0.2)"}},"content_boxed_radius":{"top":"3px","bottom":"3px","left":"3px","right":"3px","linked":true},"boxed_content_spacing":{"desktop":{"top":"40px","bottom":"40px","left":"40px","right":"40px","linked":true},"tablet":{"top":"35px","bottom":"35px","left":"35px","right":"35px","linked":true},"mobile":{"top":"20px","bottom":"20px","left":"20px","right":"20px","linked":true}},"da9db2c28e57e42694bddbe42530e2c0":"","disable_featured_image":"no","disable_share_box":"no","disable_header":"no","disable_footer":"no","styles_descriptor":{"styles":{"desktop":"","tablet":"","mobile":""},"google_fonts":[],"version":6}},"_links":{"self":[{"href":"https:\/\/humanity-project.eu\/lt\/wp-json\/wp\/v2\/pages\/626","targetHints":{"allow":["GET"]}}],"collection":[{"href":"https:\/\/humanity-project.eu\/lt\/wp-json\/wp\/v2\/pages"}],"about":[{"href":"https:\/\/humanity-project.eu\/lt\/wp-json\/wp\/v2\/types\/page"}],"author":[{"embeddable":true,"href":"https:\/\/humanity-project.eu\/lt\/wp-json\/wp\/v2\/users\/1"}],"replies":[{"embeddable":true,"href":"https:\/\/humanity-project.eu\/lt\/wp-json\/wp\/v2\/comments?post=626"}],"version-history":[{"count":285,"href":"https:\/\/humanity-project.eu\/lt\/wp-json\/wp\/v2\/pages\/626\/revisions"}],"predecessor-version":[{"id":2641,"href":"https:\/\/humanity-project.eu\/lt\/wp-json\/wp\/v2\/pages\/626\/revisions\/2641"}],"wp:attachment":[{"href":"https:\/\/humanity-project.eu\/lt\/wp-json\/wp\/v2\/media?parent=626"}],"curies":[{"name":"wp","href":"https:\/\/api.w.org\/{rel}","templated":true}]}}